{"id":2091,"date":"2025-05-30T02:16:13","date_gmt":"2025-05-30T02:16:13","guid":{"rendered":"https:\/\/rosessailing.com\/clause-de-non-responsabilite\/"},"modified":"2025-05-30T02:16:13","modified_gmt":"2025-05-30T02:16:13","slug":"clause-de-non-responsabilite","status":"publish","type":"page","link":"https:\/\/rosessailing.com\/fr\/clause-de-non-responsabilite\/","title":{"rendered":"Clause de non-responsabilit\u00e9"},"content":{"rendered":"<div id=\"cmplz-document\" class=\"cmplz-document disclaimer cmplz-document-all\">\n<p>ROSES SAILING SL s&rsquo;engage \u00e0 maintenir ce site web \u00e0 jour et exact. Si, malgr\u00e9 tout, vous constatez des erreurs ou des mises \u00e0 jour, n&rsquo;h\u00e9sitez pas \u00e0 nous en faire part. Veuillez indiquer o\u00f9 vous avez lu l&rsquo;information sur le site web. Nous l&rsquo;examinerons d\u00e8s que possible. Veuillez envoyer votre demande par courrier \u00e9lectronique \u00e0 l&rsquo;adresse suivante : <span class=\"cmplz-obfuscate\">info@rosessailing.com.<\/span><\/p>\n<p>Nous ne sommes pas responsables des pertes r\u00e9sultant de l&rsquo;inexactitude ou du caract\u00e8re incomplet des donn\u00e9es, ni des pertes r\u00e9sultant de probl\u00e8mes caus\u00e9s par ou inh\u00e9rents \u00e0 la diffusion d&rsquo;informations via l&rsquo;Internet, tels que des interruptions ou des d\u00e9faillances. Lorsque vous utilisez des formulaires web, nous nous effor\u00e7ons de limiter au maximum le nombre de champs obligatoires. Pour toute perte subie suite \u00e0 l&rsquo;utilisation de donn\u00e9es, conseils ou id\u00e9es fournis par ou au nom de ROSES SAILING SL \u00e0 travers ce site web, ROSES SAILING SL n&rsquo;accepte aucune responsabilit\u00e9.<\/p>\n<p>L&rsquo;utilisation du site web et de tous ses composants (y compris les forums) est soumise aux <a href=\"https:\/\/rosessailing.com\/fr\/conditions-de-reservation\/\" target=\"_blank\" rel=\"noopener\">conditions d&rsquo;utilisation<\/a>. La simple utilisation de ce site web implique la connaissance et l&rsquo;acceptation de ces conditions d&rsquo;utilisation.<\/p>\n<p>Les r\u00e9ponses et les questions relatives \u00e0 la protection de la vie priv\u00e9e envoy\u00e9es par courrier \u00e9lectronique ou par le biais d&rsquo;un formulaire en ligne seront trait\u00e9es de la m\u00eame mani\u00e8re que les lettres. Cela signifie que vous pouvez attendre une r\u00e9ponse de notre part dans un d\u00e9lai maximum d&rsquo;un mois. Dans le cas de demandes complexes, nous vous informerons dans un d\u00e9lai d&rsquo;un mois si nous avons besoin d&rsquo;un maximum de trois mois.<\/p>\n<p>Toutes les donn\u00e9es personnelles que vous nous fournissez dans le cadre de votre r\u00e9ponse ou de votre demande d&rsquo;information ne seront utilis\u00e9es que conform\u00e9ment \u00e0 notre d\u00e9claration de confidentialit\u00e9.<\/p>\n<p>ROSES SAILING SL fera tous les efforts raisonnables pour prot\u00e9ger ses syst\u00e8mes contre toute forme d&rsquo;utilisation ill\u00e9gale. ROSES SAILING SL appliquera les mesures techniques et organisationnelles appropri\u00e9es \u00e0 cette fin, en tenant compte, entre autres, de l&rsquo;\u00e9tat de la technique. Toutefois, elle ne sera pas responsable des dommages, directs et\/ou indirects, subis par un utilisateur du site web, r\u00e9sultant de l&rsquo;utilisation illicite de ses syst\u00e8mes par un tiers.<\/p>\n<p>ROSES SAILING SL n&rsquo;est pas responsable du contenu des sites Internet auxquels renvoient les hyperliens ou autres r\u00e9f\u00e9rences. Les produits ou services offerts par des tiers sont soumis aux conditions g\u00e9n\u00e9rales applicables \u00e0 ces tiers.<\/p>\n<p>Tous les droits de propri\u00e9t\u00e9 intellectuelle sur le contenu de ce site web appartiennent \u00e0 des tiers qui ont plac\u00e9 le contenu eux-m\u00eames ou dont ROSES SAILING SL a obtenu une licence d&rsquo;utilisation.<\/p>\n<p>La copie, la diffusion et toute autre utilisation de ce mat\u00e9riel sont interdites sans l&rsquo;autorisation \u00e9crite de ROSES SAILING SL, sauf et uniquement dans la mesure o\u00f9 les dispositions l\u00e9gales obligatoires le pr\u00e9voient (comme le droit de citation), \u00e0 moins que le contenu sp\u00e9cifique ne s&rsquo;y oppose.<\/p>\n<p>Si vous avez des questions ou des probl\u00e8mes concernant l&rsquo;accessibilit\u00e9 du site web, n&rsquo;h\u00e9sitez pas \u00e0 nous contacter.<\/p>\n<\/div>\n","protected":false},"excerpt":{"rendered":"<p>ROSES SAILING SL s&rsquo;engage \u00e0 maintenir ce site web \u00e0 jour et exact. Si, malgr\u00e9 tout, vous constatez des erreurs ou des mises \u00e0 jour, n&rsquo;h\u00e9sitez pas \u00e0 nous en faire part. Veuillez indiquer o\u00f9 vous avez lu l&rsquo;information sur le site web. Nous l&rsquo;examinerons d\u00e8s que possible. Veuillez envoyer votre demande par courrier \u00e9lectronique [&hellip;]<\/p>\n","protected":false},"author":1,"featured_media":0,"parent":0,"menu_order":0,"comment_status":"closed","ping_status":"closed","template":"","meta":{"_joinchat":[],"footnotes":""},"class_list":["post-2091","page","type-page","status-publish","hentry"],"yoast_head":"<!-- This site is optimized with the Yoast SEO plugin v27.4 - https:\/\/yoast.com\/product\/yoast-seo-wordpress\/ -->\n<title>Clause de non-responsabilit\u00e9 - Roses Sailing<\/title>\n<meta name=\"description\" content=\"Veuillez consulter notre clause de non-responsabilit\u00e9 pour comprendre les limites et les conditions d&#039;utilisation de nos services de navigation.\" \/>\n<meta name=\"robots\" content=\"index, follow, max-snippet:-1, max-image-preview:large, max-video-preview:-1\" \/>\n<link rel=\"canonical\" href=\"https:\/\/rosessailing.com\/fr\/clause-de-non-responsabilite\/\" \/>\n<meta property=\"og:locale\" content=\"fr_FR\" \/>\n<meta property=\"og:type\" content=\"article\" \/>\n<meta property=\"og:title\" content=\"Clause de non-responsabilit\u00e9 - Roses Sailing\" \/>\n<meta property=\"og:description\" content=\"Veuillez consulter notre clause de non-responsabilit\u00e9 pour comprendre les limites et les conditions d&#039;utilisation de nos services de navigation.\" \/>\n<meta property=\"og:url\" content=\"https:\/\/rosessailing.com\/fr\/clause-de-non-responsabilite\/\" \/>\n<meta property=\"og:site_name\" content=\"Roses Sailing\" \/>\n<meta property=\"article:publisher\" content=\"https:\/\/www.facebook.com\/rosessailing\/\" \/>\n<meta name=\"twitter:card\" content=\"summary_large_image\" \/>\n<meta name=\"twitter:label1\" content=\"Dur\u00e9e de lecture estim\u00e9e\" \/>\n\t<meta name=\"twitter:data1\" content=\"3 minutes\" \/>\n<script type=\"application\/ld+json\" class=\"yoast-schema-graph\">{\"@context\":\"https:\\\/\\\/schema.org\",\"@graph\":[{\"@type\":\"WebPage\",\"@id\":\"https:\\\/\\\/rosessailing.com\\\/fr\\\/clause-de-non-responsabilite\\\/\",\"url\":\"https:\\\/\\\/rosessailing.com\\\/fr\\\/clause-de-non-responsabilite\\\/\",\"name\":\"Clause de non-responsabilit\u00e9 - Roses Sailing\",\"isPartOf\":{\"@id\":\"https:\\\/\\\/rosessailing.com\\\/fr\\\/#website\"},\"datePublished\":\"2025-05-30T02:16:13+00:00\",\"description\":\"Veuillez consulter notre clause de non-responsabilit\u00e9 pour comprendre les limites et les conditions d'utilisation de nos services de navigation.\",\"breadcrumb\":{\"@id\":\"https:\\\/\\\/rosessailing.com\\\/fr\\\/clause-de-non-responsabilite\\\/#breadcrumb\"},\"inLanguage\":\"fr-FR\",\"potentialAction\":[{\"@type\":\"ReadAction\",\"target\":[\"https:\\\/\\\/rosessailing.com\\\/fr\\\/clause-de-non-responsabilite\\\/\"]}]},{\"@type\":\"BreadcrumbList\",\"@id\":\"https:\\\/\\\/rosessailing.com\\\/fr\\\/clause-de-non-responsabilite\\\/#breadcrumb\",\"itemListElement\":[{\"@type\":\"ListItem\",\"position\":1,\"name\":\"Portada\",\"item\":\"https:\\\/\\\/rosessailing.com\\\/fr\\\/location-de-voiliers-costa-brava\\\/\"},{\"@type\":\"ListItem\",\"position\":2,\"name\":\"Clause de non-responsabilit\u00e9\"}]},{\"@type\":\"WebSite\",\"@id\":\"https:\\\/\\\/rosessailing.com\\\/fr\\\/#website\",\"url\":\"https:\\\/\\\/rosessailing.com\\\/fr\\\/\",\"name\":\"Roses Sailing\",\"description\":\"Veleros\",\"publisher\":{\"@id\":\"https:\\\/\\\/rosessailing.com\\\/fr\\\/#organization\"},\"potentialAction\":[{\"@type\":\"SearchAction\",\"target\":{\"@type\":\"EntryPoint\",\"urlTemplate\":\"https:\\\/\\\/rosessailing.com\\\/fr\\\/?s={search_term_string}\"},\"query-input\":{\"@type\":\"PropertyValueSpecification\",\"valueRequired\":true,\"valueName\":\"search_term_string\"}}],\"inLanguage\":\"fr-FR\"},{\"@type\":\"Organization\",\"@id\":\"https:\\\/\\\/rosessailing.com\\\/fr\\\/#organization\",\"name\":\"Roses Sailing SL\",\"url\":\"https:\\\/\\\/rosessailing.com\\\/fr\\\/\",\"logo\":{\"@type\":\"ImageObject\",\"inLanguage\":\"fr-FR\",\"@id\":\"https:\\\/\\\/rosessailing.com\\\/fr\\\/#\\\/schema\\\/logo\\\/image\\\/\",\"url\":\"https:\\\/\\\/rosessailing.com\\\/wp-content\\\/uploads\\\/2023\\\/12\\\/Logo-removebg-preview.png\",\"contentUrl\":\"https:\\\/\\\/rosessailing.com\\\/wp-content\\\/uploads\\\/2023\\\/12\\\/Logo-removebg-preview.png\",\"width\":594,\"height\":420,\"caption\":\"Roses Sailing SL\"},\"image\":{\"@id\":\"https:\\\/\\\/rosessailing.com\\\/fr\\\/#\\\/schema\\\/logo\\\/image\\\/\"},\"sameAs\":[\"https:\\\/\\\/www.facebook.com\\\/rosessailing\\\/\",\"https:\\\/\\\/www.instagram.com\\\/rosessailing\\\/\"]}]}<\/script>\n<!-- \/ Yoast SEO plugin. -->","yoast_head_json":{"title":"Clause de non-responsabilit\u00e9 - Roses Sailing","description":"Veuillez consulter notre clause de non-responsabilit\u00e9 pour comprendre les limites et les conditions d'utilisation de nos services de navigation.","robots":{"index":"index","follow":"follow","max-snippet":"max-snippet:-1","max-image-preview":"max-image-preview:large","max-video-preview":"max-video-preview:-1"},"canonical":"https:\/\/rosessailing.com\/fr\/clause-de-non-responsabilite\/","og_locale":"fr_FR","og_type":"article","og_title":"Clause de non-responsabilit\u00e9 - Roses Sailing","og_description":"Veuillez consulter notre clause de non-responsabilit\u00e9 pour comprendre les limites et les conditions d'utilisation de nos services de navigation.","og_url":"https:\/\/rosessailing.com\/fr\/clause-de-non-responsabilite\/","og_site_name":"Roses Sailing","article_publisher":"https:\/\/www.facebook.com\/rosessailing\/","twitter_card":"summary_large_image","twitter_misc":{"Dur\u00e9e de lecture estim\u00e9e":"3 minutes"},"schema":{"@context":"https:\/\/schema.org","@graph":[{"@type":"WebPage","@id":"https:\/\/rosessailing.com\/fr\/clause-de-non-responsabilite\/","url":"https:\/\/rosessailing.com\/fr\/clause-de-non-responsabilite\/","name":"Clause de non-responsabilit\u00e9 - Roses Sailing","isPartOf":{"@id":"https:\/\/rosessailing.com\/fr\/#website"},"datePublished":"2025-05-30T02:16:13+00:00","description":"Veuillez consulter notre clause de non-responsabilit\u00e9 pour comprendre les limites et les conditions d'utilisation de nos services de navigation.","breadcrumb":{"@id":"https:\/\/rosessailing.com\/fr\/clause-de-non-responsabilite\/#breadcrumb"},"inLanguage":"fr-FR","potentialAction":[{"@type":"ReadAction","target":["https:\/\/rosessailing.com\/fr\/clause-de-non-responsabilite\/"]}]},{"@type":"BreadcrumbList","@id":"https:\/\/rosessailing.com\/fr\/clause-de-non-responsabilite\/#breadcrumb","itemListElement":[{"@type":"ListItem","position":1,"name":"Portada","item":"https:\/\/rosessailing.com\/fr\/location-de-voiliers-costa-brava\/"},{"@type":"ListItem","position":2,"name":"Clause de non-responsabilit\u00e9"}]},{"@type":"WebSite","@id":"https:\/\/rosessailing.com\/fr\/#website","url":"https:\/\/rosessailing.com\/fr\/","name":"Roses Sailing","description":"Veleros","publisher":{"@id":"https:\/\/rosessailing.com\/fr\/#organization"},"potentialAction":[{"@type":"SearchAction","target":{"@type":"EntryPoint","urlTemplate":"https:\/\/rosessailing.com\/fr\/?s={search_term_string}"},"query-input":{"@type":"PropertyValueSpecification","valueRequired":true,"valueName":"search_term_string"}}],"inLanguage":"fr-FR"},{"@type":"Organization","@id":"https:\/\/rosessailing.com\/fr\/#organization","name":"Roses Sailing SL","url":"https:\/\/rosessailing.com\/fr\/","logo":{"@type":"ImageObject","inLanguage":"fr-FR","@id":"https:\/\/rosessailing.com\/fr\/#\/schema\/logo\/image\/","url":"https:\/\/rosessailing.com\/wp-content\/uploads\/2023\/12\/Logo-removebg-preview.png","contentUrl":"https:\/\/rosessailing.com\/wp-content\/uploads\/2023\/12\/Logo-removebg-preview.png","width":594,"height":420,"caption":"Roses Sailing SL"},"image":{"@id":"https:\/\/rosessailing.com\/fr\/#\/schema\/logo\/image\/"},"sameAs":["https:\/\/www.facebook.com\/rosessailing\/","https:\/\/www.instagram.com\/rosessailing\/"]}]}},"_links":{"self":[{"href":"https:\/\/rosessailing.com\/fr\/wp-json\/wp\/v2\/pages\/2091","targetHints":{"allow":["GET"]}}],"collection":[{"href":"https:\/\/rosessailing.com\/fr\/wp-json\/wp\/v2\/pages"}],"about":[{"href":"https:\/\/rosessailing.com\/fr\/wp-json\/wp\/v2\/types\/page"}],"author":[{"embeddable":true,"href":"https:\/\/rosessailing.com\/fr\/wp-json\/wp\/v2\/users\/1"}],"replies":[{"embeddable":true,"href":"https:\/\/rosessailing.com\/fr\/wp-json\/wp\/v2\/comments?post=2091"}],"version-history":[{"count":0,"href":"https:\/\/rosessailing.com\/fr\/wp-json\/wp\/v2\/pages\/2091\/revisions"}],"wp:attachment":[{"href":"https:\/\/rosessailing.com\/fr\/wp-json\/wp\/v2\/media?parent=2091"}],"curies":[{"name":"wp","href":"https:\/\/api.w.org\/{rel}","templated":true}]}}