{"id":2089,"date":"2025-05-22T10:52:09","date_gmt":"2025-05-22T10:52:09","guid":{"rendered":"https:\/\/rosessailing.com\/declaracion-de-privacidad-ue\/"},"modified":"2025-05-22T10:52:09","modified_gmt":"2025-05-22T10:52:09","slug":"declaracion-de-privacidad-ue","status":"publish","type":"page","link":"https:\/\/rosessailing.com\/fr\/declaracion-de-privacidad-ue\/","title":{"rendered":"Declaraci\u00f3n de privacidad (UE)"},"content":{"rendered":"<p><i>Cette d\u00e9claration de confidentialit\u00e9 a \u00e9t\u00e9 mise \u00e0 jour pour la derni\u00e8re fois le 30 ao\u00fbt 2025 et s&rsquo;applique aux citoyens et aux r\u00e9sidents permanents de l&rsquo;Espace \u00e9conomique europ\u00e9en et de la Suisse.<\/i><\/p>\n<p>Dans cette d\u00e9claration de confidentialit\u00e9, nous expliquons ce que nous faisons des donn\u00e9es que nous recueillons sur vous par le biais de <a href=\"https:\/\/rosessailing.com\/fr\/\">https:\/\/rosessailing.com.<\/a> Nous vous recommandons de lire attentivement cette d\u00e9claration. Dans le cadre de notre traitement, nous nous conformons aux exigences de la l\u00e9gislation relative \u00e0 la protection de la vie priv\u00e9e. Cela signifie, entre autres, que :   <\/p>\n<ul>\n<li>nous indiquons clairement les raisons pour lesquelles nous traitons les donn\u00e9es \u00e0 caract\u00e8re personnel. Nous le faisons par le biais de cette d\u00e9claration de confidentialit\u00e9. <\/li>\n<li>nous visons \u00e0 limiter notre collecte de donn\u00e9es personnelles aux donn\u00e9es personnelles n\u00e9cessaires \u00e0 des fins l\u00e9gitimes ;<\/li>\n<li>Tout d&rsquo;abord, nous vous demandons votre consentement explicite au traitement de vos donn\u00e9es personnelles lorsque cela est n\u00e9cessaire.<\/li>\n<li>Nous prenons des mesures de s\u00e9curit\u00e9 appropri\u00e9es pour prot\u00e9ger vos donn\u00e9es \u00e0 caract\u00e8re personnel et nous exigeons la m\u00eame chose des parties qui traitent des donn\u00e9es \u00e0 caract\u00e8re personnel en notre nom ;<\/li>\n<li>nous respectons votre droit d&rsquo;acc\u00e8s, de rectification ou de suppression de vos donn\u00e9es personnelles sur demande.<\/li>\n<\/ul>\n<p>Si vous avez des questions ou si vous voulez savoir exactement quelles donn\u00e9es nous conservons \u00e0 votre sujet, veuillez nous contacter.<\/p>\n<h2>1. objet, donn\u00e9es et dur\u00e9e de conservation<\/h2>\n<p>Nous pouvons collecter ou recevoir des informations personnelles pour un certain nombre de raisons li\u00e9es \u00e0 nos activit\u00e9s commerciales.<\/p>\n<h2>2. Cookies<\/h2>\n<p>Notre site web utilise des cookies. Pour plus d&rsquo;informations sur les cookies, veuillez consulter notre <a href=\"https:\/\/rosessailing.com\/politica-de-cookies-ue\/\">Politique en mati\u00e8re de cookies<\/a>. <\/p>\n<h2>3. Pratiques de sensibilisation<\/h2>\n<p>Nous divulguons des informations personnelles si nous sommes tenus de le faire en vertu de la loi ou d&rsquo;une ordonnance d&rsquo;un tribunal, en r\u00e9ponse \u00e0 un organisme charg\u00e9 de l&rsquo;application de la loi, dans la mesure permise par d&rsquo;autres lois, pour fournir des informations ou dans le cadre d&rsquo;une enqu\u00eate sur une question de s\u00e9curit\u00e9 publique.<\/p>\n<p>Si notre site web ou notre organisation est acquis, vendu ou impliqu\u00e9 dans une fusion ou une acquisition, vos donn\u00e9es peuvent \u00eatre divulgu\u00e9es \u00e0 nos conseillers et aux acheteurs potentiels et transmises aux nouveaux propri\u00e9taires.<\/p>\n<h2>4. La s\u00e9curit\u00e9<\/h2>\n<p>Nous nous engageons \u00e0 assurer la s\u00e9curit\u00e9 des donn\u00e9es \u00e0 caract\u00e8re personnel. Nous prenons des mesures de s\u00e9curit\u00e9 appropri\u00e9es pour limiter les abus et l&rsquo;acc\u00e8s non autoris\u00e9 aux donn\u00e9es \u00e0 caract\u00e8re personnel. Nous veillons \u00e0 ce que seules les personnes n\u00e9cessaires aient acc\u00e8s \u00e0 vos donn\u00e9es, que l&rsquo;acc\u00e8s aux donn\u00e9es soit prot\u00e9g\u00e9 et que nos mesures de s\u00e9curit\u00e9 soient r\u00e9guli\u00e8rement r\u00e9vis\u00e9es.  <\/p>\n<h2>5. les sites web de tiers<\/h2>\n<p>La pr\u00e9sente d\u00e9claration de confidentialit\u00e9 ne s&rsquo;applique pas aux sites web de tiers li\u00e9s \u00e0 notre site web. Nous ne pouvons pas garantir que ces tiers traitent vos donn\u00e9es personnelles de mani\u00e8re fiable ou s\u00e9curis\u00e9e. Nous vous recommandons de lire les d\u00e9clarations de confidentialit\u00e9 de ces sites web avant de les utiliser.  <\/p>\n<h2>6. Modifications de la pr\u00e9sente d\u00e9claration de confidentialit\u00e9<\/h2>\n<p>Nous nous r\u00e9servons le droit de modifier la pr\u00e9sente d\u00e9claration de confidentialit\u00e9. Nous vous recommandons de consulter r\u00e9guli\u00e8rement cette d\u00e9claration de confidentialit\u00e9 afin de prendre connaissance de toute modification. En outre, nous vous informerons activement dans la mesure du possible.  <\/p>\n<h2>7. Acc\u00e9der \u00e0 vos donn\u00e9es et les modifier<\/h2>\n<p>Si vous avez des questions ou si vous souhaitez savoir quelles sont les donn\u00e9es personnelles que nous d\u00e9tenons \u00e0 votre sujet, veuillez nous contacter. Vous pouvez nous contacter en utilisant les informations suivantes. Vous disposez des droits suivants :  <\/p>\n<ul>\n<li>Vous avez le droit de savoir pourquoi vos donn\u00e9es personnelles sont n\u00e9cessaires, ce qu&rsquo;il en adviendra et combien de temps elles seront conserv\u00e9es.<\/li>\n<li>Droit d&rsquo;acc\u00e8s : vous avez le droit d&rsquo;acc\u00e9der aux donn\u00e9es \u00e0 caract\u00e8re personnel que nous d\u00e9tenons \u00e0 votre sujet.<\/li>\n<li>Droit de rectification : vous avez le droit de compl\u00e9ter, de rectifier, d&rsquo;effacer ou de bloquer vos donn\u00e9es \u00e0 caract\u00e8re personnel \u00e0 tout moment.<\/li>\n<li>Si vous nous donnez votre accord pour traiter vos donn\u00e9es, vous avez le droit de r\u00e9voquer cet accord et de faire effacer vos donn\u00e9es personnelles.<\/li>\n<li>Droit de transf\u00e9rer vos donn\u00e9es : vous avez le droit de demander au responsable du traitement de vous communiquer toutes vos donn\u00e9es \u00e0 caract\u00e8re personnel et de les transf\u00e9rer int\u00e9gralement \u00e0 un autre responsable du traitement.<\/li>\n<li>Droit d&rsquo;opposition : vous pouvez vous opposer au traitement de vos donn\u00e9es. Nous nous y conformons, \u00e0 moins qu&rsquo;il n&rsquo;existe des motifs justifi\u00e9s pour le traitement. <\/li>\n<\/ul>\n<p>Veillez \u00e0 toujours indiquer clairement qui vous \u00eates, afin que nous puissions \u00eatre s\u00fbrs de ne pas modifier ou supprimer les donn\u00e9es de la mauvaise personne.<\/p>\n<h2>8. D\u00e9p\u00f4t d&rsquo;une plainte<\/h2>\n<p>Si vous n&rsquo;\u00eates pas satisfait de la mani\u00e8re dont nous traitons vos donn\u00e9es personnelles, vous avez le droit de d\u00e9poser une plainte aupr\u00e8s de l&rsquo;Autorit\u00e9 de protection des donn\u00e9es.<\/p>\n<h2>9. Coordonn\u00e9es de la personne \u00e0 contacter<\/h2>\n<p>ROSES SAILING SL<br \/>\nCL CABALLO DE MAR 25 -30,<br \/>\n17487,<br \/>\nAMPURIA BRAVA,<br \/>\nGIRONA.<br \/>\nEspa\u00f1a<br \/>\nWeb: <a href=\"https:\/\/rosessailing.com\/fr\/\">https:\/\/rosessailing.com<\/a><br \/>\nCorreo electr\u00f3nico: <span class=\"cmplz-obfuscate\">info@rosessailing.com<\/span><br \/>\nN\u00famero de tel\u00e9fono: 34603756920<\/p>\n","protected":false},"excerpt":{"rendered":"<p>Cette d\u00e9claration de confidentialit\u00e9 a \u00e9t\u00e9 mise \u00e0 jour pour la derni\u00e8re fois le 30 ao\u00fbt 2025 et s&rsquo;applique aux citoyens et aux r\u00e9sidents permanents de l&rsquo;Espace \u00e9conomique europ\u00e9en et de la Suisse. Dans cette d\u00e9claration de confidentialit\u00e9, nous expliquons ce que nous faisons des donn\u00e9es que nous recueillons sur vous par le biais de [&hellip;]<\/p>\n","protected":false},"author":1,"featured_media":0,"parent":0,"menu_order":0,"comment_status":"closed","ping_status":"closed","template":"","meta":{"_joinchat":[],"footnotes":""},"class_list":["post-2089","page","type-page","status-publish","hentry"],"yoast_head":"<!-- This site is optimized with the Yoast SEO plugin v27.4 - https:\/\/yoast.com\/product\/yoast-seo-wordpress\/ -->\n<title>Declaraci\u00f3n de privacidad (UE) - Roses Sailing<\/title>\n<meta name=\"description\" content=\"Lisez notre d\u00e9claration de confidentialit\u00e9 pour savoir comment nous prot\u00e9geons vos donn\u00e9es et comment nous nous conformons \u00e0 la r\u00e9glementation de l&#039;UE sur l&#039;utilisation des informations.\" \/>\n<meta name=\"robots\" content=\"index, follow, max-snippet:-1, max-image-preview:large, max-video-preview:-1\" \/>\n<link rel=\"canonical\" href=\"https:\/\/rosessailing.com\/fr\/declaracion-de-privacidad-ue\/\" \/>\n<meta property=\"og:locale\" content=\"fr_FR\" \/>\n<meta property=\"og:type\" content=\"article\" \/>\n<meta property=\"og:title\" content=\"Declaraci\u00f3n de privacidad (UE) - Roses Sailing\" \/>\n<meta property=\"og:description\" content=\"Lisez notre d\u00e9claration de confidentialit\u00e9 pour savoir comment nous prot\u00e9geons vos donn\u00e9es et comment nous nous conformons \u00e0 la r\u00e9glementation de l&#039;UE sur l&#039;utilisation des informations.\" \/>\n<meta property=\"og:url\" content=\"https:\/\/rosessailing.com\/fr\/declaracion-de-privacidad-ue\/\" \/>\n<meta property=\"og:site_name\" content=\"Roses Sailing\" \/>\n<meta property=\"article:publisher\" content=\"https:\/\/www.facebook.com\/rosessailing\/\" \/>\n<meta name=\"twitter:card\" content=\"summary_large_image\" \/>\n<meta name=\"twitter:label1\" content=\"Dur\u00e9e de lecture estim\u00e9e\" \/>\n\t<meta name=\"twitter:data1\" content=\"4 minutes\" \/>\n<script type=\"application\/ld+json\" class=\"yoast-schema-graph\">{\"@context\":\"https:\\\/\\\/schema.org\",\"@graph\":[{\"@type\":\"WebPage\",\"@id\":\"https:\\\/\\\/rosessailing.com\\\/fr\\\/declaracion-de-privacidad-ue\\\/\",\"url\":\"https:\\\/\\\/rosessailing.com\\\/fr\\\/declaracion-de-privacidad-ue\\\/\",\"name\":\"Declaraci\u00f3n de privacidad (UE) - Roses Sailing\",\"isPartOf\":{\"@id\":\"https:\\\/\\\/rosessailing.com\\\/fr\\\/#website\"},\"datePublished\":\"2025-05-22T10:52:09+00:00\",\"description\":\"Lisez notre d\u00e9claration de confidentialit\u00e9 pour savoir comment nous prot\u00e9geons vos donn\u00e9es et comment nous nous conformons \u00e0 la r\u00e9glementation de l'UE sur l'utilisation des informations.\",\"breadcrumb\":{\"@id\":\"https:\\\/\\\/rosessailing.com\\\/fr\\\/declaracion-de-privacidad-ue\\\/#breadcrumb\"},\"inLanguage\":\"fr-FR\",\"potentialAction\":[{\"@type\":\"ReadAction\",\"target\":[\"https:\\\/\\\/rosessailing.com\\\/fr\\\/declaracion-de-privacidad-ue\\\/\"]}]},{\"@type\":\"BreadcrumbList\",\"@id\":\"https:\\\/\\\/rosessailing.com\\\/fr\\\/declaracion-de-privacidad-ue\\\/#breadcrumb\",\"itemListElement\":[{\"@type\":\"ListItem\",\"position\":1,\"name\":\"Portada\",\"item\":\"https:\\\/\\\/rosessailing.com\\\/fr\\\/location-de-voiliers-costa-brava\\\/\"},{\"@type\":\"ListItem\",\"position\":2,\"name\":\"Declaraci\u00f3n de privacidad (UE)\"}]},{\"@type\":\"WebSite\",\"@id\":\"https:\\\/\\\/rosessailing.com\\\/fr\\\/#website\",\"url\":\"https:\\\/\\\/rosessailing.com\\\/fr\\\/\",\"name\":\"Roses Sailing\",\"description\":\"Veleros\",\"publisher\":{\"@id\":\"https:\\\/\\\/rosessailing.com\\\/fr\\\/#organization\"},\"potentialAction\":[{\"@type\":\"SearchAction\",\"target\":{\"@type\":\"EntryPoint\",\"urlTemplate\":\"https:\\\/\\\/rosessailing.com\\\/fr\\\/?s={search_term_string}\"},\"query-input\":{\"@type\":\"PropertyValueSpecification\",\"valueRequired\":true,\"valueName\":\"search_term_string\"}}],\"inLanguage\":\"fr-FR\"},{\"@type\":\"Organization\",\"@id\":\"https:\\\/\\\/rosessailing.com\\\/fr\\\/#organization\",\"name\":\"Roses Sailing SL\",\"url\":\"https:\\\/\\\/rosessailing.com\\\/fr\\\/\",\"logo\":{\"@type\":\"ImageObject\",\"inLanguage\":\"fr-FR\",\"@id\":\"https:\\\/\\\/rosessailing.com\\\/fr\\\/#\\\/schema\\\/logo\\\/image\\\/\",\"url\":\"https:\\\/\\\/rosessailing.com\\\/wp-content\\\/uploads\\\/2023\\\/12\\\/Logo-removebg-preview.png\",\"contentUrl\":\"https:\\\/\\\/rosessailing.com\\\/wp-content\\\/uploads\\\/2023\\\/12\\\/Logo-removebg-preview.png\",\"width\":594,\"height\":420,\"caption\":\"Roses Sailing SL\"},\"image\":{\"@id\":\"https:\\\/\\\/rosessailing.com\\\/fr\\\/#\\\/schema\\\/logo\\\/image\\\/\"},\"sameAs\":[\"https:\\\/\\\/www.facebook.com\\\/rosessailing\\\/\",\"https:\\\/\\\/www.instagram.com\\\/rosessailing\\\/\"]}]}<\/script>\n<!-- \/ Yoast SEO plugin. -->","yoast_head_json":{"title":"Declaraci\u00f3n de privacidad (UE) - Roses Sailing","description":"Lisez notre d\u00e9claration de confidentialit\u00e9 pour savoir comment nous prot\u00e9geons vos donn\u00e9es et comment nous nous conformons \u00e0 la r\u00e9glementation de l'UE sur l'utilisation des informations.","robots":{"index":"index","follow":"follow","max-snippet":"max-snippet:-1","max-image-preview":"max-image-preview:large","max-video-preview":"max-video-preview:-1"},"canonical":"https:\/\/rosessailing.com\/fr\/declaracion-de-privacidad-ue\/","og_locale":"fr_FR","og_type":"article","og_title":"Declaraci\u00f3n de privacidad (UE) - Roses Sailing","og_description":"Lisez notre d\u00e9claration de confidentialit\u00e9 pour savoir comment nous prot\u00e9geons vos donn\u00e9es et comment nous nous conformons \u00e0 la r\u00e9glementation de l'UE sur l'utilisation des informations.","og_url":"https:\/\/rosessailing.com\/fr\/declaracion-de-privacidad-ue\/","og_site_name":"Roses Sailing","article_publisher":"https:\/\/www.facebook.com\/rosessailing\/","twitter_card":"summary_large_image","twitter_misc":{"Dur\u00e9e de lecture estim\u00e9e":"4 minutes"},"schema":{"@context":"https:\/\/schema.org","@graph":[{"@type":"WebPage","@id":"https:\/\/rosessailing.com\/fr\/declaracion-de-privacidad-ue\/","url":"https:\/\/rosessailing.com\/fr\/declaracion-de-privacidad-ue\/","name":"Declaraci\u00f3n de privacidad (UE) - Roses Sailing","isPartOf":{"@id":"https:\/\/rosessailing.com\/fr\/#website"},"datePublished":"2025-05-22T10:52:09+00:00","description":"Lisez notre d\u00e9claration de confidentialit\u00e9 pour savoir comment nous prot\u00e9geons vos donn\u00e9es et comment nous nous conformons \u00e0 la r\u00e9glementation de l'UE sur l'utilisation des informations.","breadcrumb":{"@id":"https:\/\/rosessailing.com\/fr\/declaracion-de-privacidad-ue\/#breadcrumb"},"inLanguage":"fr-FR","potentialAction":[{"@type":"ReadAction","target":["https:\/\/rosessailing.com\/fr\/declaracion-de-privacidad-ue\/"]}]},{"@type":"BreadcrumbList","@id":"https:\/\/rosessailing.com\/fr\/declaracion-de-privacidad-ue\/#breadcrumb","itemListElement":[{"@type":"ListItem","position":1,"name":"Portada","item":"https:\/\/rosessailing.com\/fr\/location-de-voiliers-costa-brava\/"},{"@type":"ListItem","position":2,"name":"Declaraci\u00f3n de privacidad (UE)"}]},{"@type":"WebSite","@id":"https:\/\/rosessailing.com\/fr\/#website","url":"https:\/\/rosessailing.com\/fr\/","name":"Roses Sailing","description":"Veleros","publisher":{"@id":"https:\/\/rosessailing.com\/fr\/#organization"},"potentialAction":[{"@type":"SearchAction","target":{"@type":"EntryPoint","urlTemplate":"https:\/\/rosessailing.com\/fr\/?s={search_term_string}"},"query-input":{"@type":"PropertyValueSpecification","valueRequired":true,"valueName":"search_term_string"}}],"inLanguage":"fr-FR"},{"@type":"Organization","@id":"https:\/\/rosessailing.com\/fr\/#organization","name":"Roses Sailing SL","url":"https:\/\/rosessailing.com\/fr\/","logo":{"@type":"ImageObject","inLanguage":"fr-FR","@id":"https:\/\/rosessailing.com\/fr\/#\/schema\/logo\/image\/","url":"https:\/\/rosessailing.com\/wp-content\/uploads\/2023\/12\/Logo-removebg-preview.png","contentUrl":"https:\/\/rosessailing.com\/wp-content\/uploads\/2023\/12\/Logo-removebg-preview.png","width":594,"height":420,"caption":"Roses Sailing SL"},"image":{"@id":"https:\/\/rosessailing.com\/fr\/#\/schema\/logo\/image\/"},"sameAs":["https:\/\/www.facebook.com\/rosessailing\/","https:\/\/www.instagram.com\/rosessailing\/"]}]}},"_links":{"self":[{"href":"https:\/\/rosessailing.com\/fr\/wp-json\/wp\/v2\/pages\/2089","targetHints":{"allow":["GET"]}}],"collection":[{"href":"https:\/\/rosessailing.com\/fr\/wp-json\/wp\/v2\/pages"}],"about":[{"href":"https:\/\/rosessailing.com\/fr\/wp-json\/wp\/v2\/types\/page"}],"author":[{"embeddable":true,"href":"https:\/\/rosessailing.com\/fr\/wp-json\/wp\/v2\/users\/1"}],"replies":[{"embeddable":true,"href":"https:\/\/rosessailing.com\/fr\/wp-json\/wp\/v2\/comments?post=2089"}],"version-history":[{"count":0,"href":"https:\/\/rosessailing.com\/fr\/wp-json\/wp\/v2\/pages\/2089\/revisions"}],"wp:attachment":[{"href":"https:\/\/rosessailing.com\/fr\/wp-json\/wp\/v2\/media?parent=2089"}],"curies":[{"name":"wp","href":"https:\/\/api.w.org\/{rel}","templated":true}]}}