{"id":2087,"date":"2025-05-22T10:52:09","date_gmt":"2025-05-22T10:52:09","guid":{"rendered":"https:\/\/rosessailing.com\/mentions-legales-impression\/"},"modified":"2025-05-22T10:52:09","modified_gmt":"2025-05-22T10:52:09","slug":"mentions-legales-impression","status":"publish","type":"page","link":"https:\/\/rosessailing.com\/fr\/mentions-legales-impression\/","title":{"rendered":"Mentions l\u00e9gales \/ Impression"},"content":{"rendered":"<div id=\"cmplz-document\" class=\"cmplz-document impressum cmplz-document-all\">\n<h3><i>Cet avis l\u00e9gal \/ cette mention l\u00e9gale<\/i><\/h3>\n<p><i>Les pr\u00e9sentes mentions l\u00e9gales ont \u00e9t\u00e9 mises \u00e0 jour pour la derni\u00e8re fois le 30 ao\u00fbt 2025.<\/i><\/p>\n<p class=\"cmplz-subtitle\">Le propri\u00e9taire de ce site web est :<\/p>\n<p>ROSES VOILE SL SL<br \/>\nCL CABALLO DE MAR 25 -30,<br \/>\n17487,<br \/>\nAMPURIA BRAVA,<br \/>\nGIRONA.<br \/>\nEspa\u00f1a<br \/>\nE-mail :  <span class=\"cmplz-obfuscate\">info@rosessailing.com<\/span><br \/>\nN\u00famero de tel\u00e9fono: 34603756920<br \/>\nNum\u00e9ro de TVA : B13784897<\/p>\n<p class=\"cmplz-subtitle\">Le(s) repr\u00e9sentant(s) l\u00e9gal(aux) de ROSES SAILING SL SL :<\/p>\n<p>Cristian Oliveras<\/p>\n<h2>1) G\u00e9n\u00e9ralit\u00e9s<\/h2>\n<p>Nous ne sommes ni dispos\u00e9s ni oblig\u00e9s de participer \u00e0 une proc\u00e9dure de r\u00e9solution des litiges devant une commission d&rsquo;arbitrage des consommateurs.<\/p>\n<h2>2. Les informations suivantes sont obligatoires en vertu de la loi allemande.<\/h2>\n<\/div>\n","protected":false},"excerpt":{"rendered":"<p>Cet avis l\u00e9gal \/ cette mention l\u00e9gale Les pr\u00e9sentes mentions l\u00e9gales ont \u00e9t\u00e9 mises \u00e0 jour pour la derni\u00e8re fois le 30 ao\u00fbt 2025. Le propri\u00e9taire de ce site web est : ROSES VOILE SL SL CL CABALLO DE MAR 25 -30, 17487, AMPURIA BRAVA, GIRONA. Espa\u00f1a E-mail : info@rosessailing.com N\u00famero de tel\u00e9fono: 34603756920 Num\u00e9ro [&hellip;]<\/p>\n","protected":false},"author":1,"featured_media":0,"parent":0,"menu_order":0,"comment_status":"closed","ping_status":"closed","template":"","meta":{"_joinchat":[],"footnotes":""},"class_list":["post-2087","page","type-page","status-publish","hentry"],"yoast_head":"<!-- This site is optimized with the Yoast SEO plugin v27.4 - https:\/\/yoast.com\/product\/yoast-seo-wordpress\/ -->\n<title>Mentions l\u00e9gales \/ Impression - Roses Sailing<\/title>\n<meta name=\"description\" content=\"Veuillez consulter nos mentions l\u00e9gales pour conna\u00eetre les conditions applicables \u00e0 l&#039;utilisation de notre site et de nos services de navigation.\" \/>\n<meta name=\"robots\" content=\"index, follow, max-snippet:-1, max-image-preview:large, max-video-preview:-1\" \/>\n<link rel=\"canonical\" href=\"https:\/\/rosessailing.com\/fr\/mentions-legales-impression\/\" \/>\n<meta property=\"og:locale\" content=\"fr_FR\" \/>\n<meta property=\"og:type\" content=\"article\" \/>\n<meta property=\"og:title\" content=\"Mentions l\u00e9gales \/ Impression - Roses Sailing\" \/>\n<meta property=\"og:description\" content=\"Veuillez consulter nos mentions l\u00e9gales pour conna\u00eetre les conditions applicables \u00e0 l&#039;utilisation de notre site et de nos services de navigation.\" \/>\n<meta property=\"og:url\" content=\"https:\/\/rosessailing.com\/fr\/mentions-legales-impression\/\" \/>\n<meta property=\"og:site_name\" content=\"Roses Sailing\" \/>\n<meta property=\"article:publisher\" content=\"https:\/\/www.facebook.com\/rosessailing\/\" \/>\n<meta name=\"twitter:card\" content=\"summary_large_image\" \/>\n<meta name=\"twitter:label1\" content=\"Dur\u00e9e de lecture estim\u00e9e\" \/>\n\t<meta name=\"twitter:data1\" content=\"1 minute\" \/>\n<script type=\"application\/ld+json\" class=\"yoast-schema-graph\">{\"@context\":\"https:\\\/\\\/schema.org\",\"@graph\":[{\"@type\":\"WebPage\",\"@id\":\"https:\\\/\\\/rosessailing.com\\\/fr\\\/mentions-legales-impression\\\/\",\"url\":\"https:\\\/\\\/rosessailing.com\\\/fr\\\/mentions-legales-impression\\\/\",\"name\":\"Mentions l\u00e9gales \\\/ Impression - Roses Sailing\",\"isPartOf\":{\"@id\":\"https:\\\/\\\/rosessailing.com\\\/fr\\\/#website\"},\"datePublished\":\"2025-05-22T10:52:09+00:00\",\"description\":\"Veuillez consulter nos mentions l\u00e9gales pour conna\u00eetre les conditions applicables \u00e0 l'utilisation de notre site et de nos services de navigation.\",\"breadcrumb\":{\"@id\":\"https:\\\/\\\/rosessailing.com\\\/fr\\\/mentions-legales-impression\\\/#breadcrumb\"},\"inLanguage\":\"fr-FR\",\"potentialAction\":[{\"@type\":\"ReadAction\",\"target\":[\"https:\\\/\\\/rosessailing.com\\\/fr\\\/mentions-legales-impression\\\/\"]}]},{\"@type\":\"BreadcrumbList\",\"@id\":\"https:\\\/\\\/rosessailing.com\\\/fr\\\/mentions-legales-impression\\\/#breadcrumb\",\"itemListElement\":[{\"@type\":\"ListItem\",\"position\":1,\"name\":\"Portada\",\"item\":\"https:\\\/\\\/rosessailing.com\\\/fr\\\/location-de-voiliers-costa-brava\\\/\"},{\"@type\":\"ListItem\",\"position\":2,\"name\":\"Mentions l\u00e9gales \\\/ Impression\"}]},{\"@type\":\"WebSite\",\"@id\":\"https:\\\/\\\/rosessailing.com\\\/fr\\\/#website\",\"url\":\"https:\\\/\\\/rosessailing.com\\\/fr\\\/\",\"name\":\"Roses Sailing\",\"description\":\"Veleros\",\"publisher\":{\"@id\":\"https:\\\/\\\/rosessailing.com\\\/fr\\\/#organization\"},\"potentialAction\":[{\"@type\":\"SearchAction\",\"target\":{\"@type\":\"EntryPoint\",\"urlTemplate\":\"https:\\\/\\\/rosessailing.com\\\/fr\\\/?s={search_term_string}\"},\"query-input\":{\"@type\":\"PropertyValueSpecification\",\"valueRequired\":true,\"valueName\":\"search_term_string\"}}],\"inLanguage\":\"fr-FR\"},{\"@type\":\"Organization\",\"@id\":\"https:\\\/\\\/rosessailing.com\\\/fr\\\/#organization\",\"name\":\"Roses Sailing SL\",\"url\":\"https:\\\/\\\/rosessailing.com\\\/fr\\\/\",\"logo\":{\"@type\":\"ImageObject\",\"inLanguage\":\"fr-FR\",\"@id\":\"https:\\\/\\\/rosessailing.com\\\/fr\\\/#\\\/schema\\\/logo\\\/image\\\/\",\"url\":\"https:\\\/\\\/rosessailing.com\\\/wp-content\\\/uploads\\\/2023\\\/12\\\/Logo-removebg-preview.png\",\"contentUrl\":\"https:\\\/\\\/rosessailing.com\\\/wp-content\\\/uploads\\\/2023\\\/12\\\/Logo-removebg-preview.png\",\"width\":594,\"height\":420,\"caption\":\"Roses Sailing SL\"},\"image\":{\"@id\":\"https:\\\/\\\/rosessailing.com\\\/fr\\\/#\\\/schema\\\/logo\\\/image\\\/\"},\"sameAs\":[\"https:\\\/\\\/www.facebook.com\\\/rosessailing\\\/\",\"https:\\\/\\\/www.instagram.com\\\/rosessailing\\\/\"]}]}<\/script>\n<!-- \/ Yoast SEO plugin. -->","yoast_head_json":{"title":"Mentions l\u00e9gales \/ Impression - Roses Sailing","description":"Veuillez consulter nos mentions l\u00e9gales pour conna\u00eetre les conditions applicables \u00e0 l'utilisation de notre site et de nos services de navigation.","robots":{"index":"index","follow":"follow","max-snippet":"max-snippet:-1","max-image-preview":"max-image-preview:large","max-video-preview":"max-video-preview:-1"},"canonical":"https:\/\/rosessailing.com\/fr\/mentions-legales-impression\/","og_locale":"fr_FR","og_type":"article","og_title":"Mentions l\u00e9gales \/ Impression - Roses Sailing","og_description":"Veuillez consulter nos mentions l\u00e9gales pour conna\u00eetre les conditions applicables \u00e0 l'utilisation de notre site et de nos services de navigation.","og_url":"https:\/\/rosessailing.com\/fr\/mentions-legales-impression\/","og_site_name":"Roses Sailing","article_publisher":"https:\/\/www.facebook.com\/rosessailing\/","twitter_card":"summary_large_image","twitter_misc":{"Dur\u00e9e de lecture estim\u00e9e":"1 minute"},"schema":{"@context":"https:\/\/schema.org","@graph":[{"@type":"WebPage","@id":"https:\/\/rosessailing.com\/fr\/mentions-legales-impression\/","url":"https:\/\/rosessailing.com\/fr\/mentions-legales-impression\/","name":"Mentions l\u00e9gales \/ Impression - Roses Sailing","isPartOf":{"@id":"https:\/\/rosessailing.com\/fr\/#website"},"datePublished":"2025-05-22T10:52:09+00:00","description":"Veuillez consulter nos mentions l\u00e9gales pour conna\u00eetre les conditions applicables \u00e0 l'utilisation de notre site et de nos services de navigation.","breadcrumb":{"@id":"https:\/\/rosessailing.com\/fr\/mentions-legales-impression\/#breadcrumb"},"inLanguage":"fr-FR","potentialAction":[{"@type":"ReadAction","target":["https:\/\/rosessailing.com\/fr\/mentions-legales-impression\/"]}]},{"@type":"BreadcrumbList","@id":"https:\/\/rosessailing.com\/fr\/mentions-legales-impression\/#breadcrumb","itemListElement":[{"@type":"ListItem","position":1,"name":"Portada","item":"https:\/\/rosessailing.com\/fr\/location-de-voiliers-costa-brava\/"},{"@type":"ListItem","position":2,"name":"Mentions l\u00e9gales \/ Impression"}]},{"@type":"WebSite","@id":"https:\/\/rosessailing.com\/fr\/#website","url":"https:\/\/rosessailing.com\/fr\/","name":"Roses Sailing","description":"Veleros","publisher":{"@id":"https:\/\/rosessailing.com\/fr\/#organization"},"potentialAction":[{"@type":"SearchAction","target":{"@type":"EntryPoint","urlTemplate":"https:\/\/rosessailing.com\/fr\/?s={search_term_string}"},"query-input":{"@type":"PropertyValueSpecification","valueRequired":true,"valueName":"search_term_string"}}],"inLanguage":"fr-FR"},{"@type":"Organization","@id":"https:\/\/rosessailing.com\/fr\/#organization","name":"Roses Sailing SL","url":"https:\/\/rosessailing.com\/fr\/","logo":{"@type":"ImageObject","inLanguage":"fr-FR","@id":"https:\/\/rosessailing.com\/fr\/#\/schema\/logo\/image\/","url":"https:\/\/rosessailing.com\/wp-content\/uploads\/2023\/12\/Logo-removebg-preview.png","contentUrl":"https:\/\/rosessailing.com\/wp-content\/uploads\/2023\/12\/Logo-removebg-preview.png","width":594,"height":420,"caption":"Roses Sailing SL"},"image":{"@id":"https:\/\/rosessailing.com\/fr\/#\/schema\/logo\/image\/"},"sameAs":["https:\/\/www.facebook.com\/rosessailing\/","https:\/\/www.instagram.com\/rosessailing\/"]}]}},"_links":{"self":[{"href":"https:\/\/rosessailing.com\/fr\/wp-json\/wp\/v2\/pages\/2087","targetHints":{"allow":["GET"]}}],"collection":[{"href":"https:\/\/rosessailing.com\/fr\/wp-json\/wp\/v2\/pages"}],"about":[{"href":"https:\/\/rosessailing.com\/fr\/wp-json\/wp\/v2\/types\/page"}],"author":[{"embeddable":true,"href":"https:\/\/rosessailing.com\/fr\/wp-json\/wp\/v2\/users\/1"}],"replies":[{"embeddable":true,"href":"https:\/\/rosessailing.com\/fr\/wp-json\/wp\/v2\/comments?post=2087"}],"version-history":[{"count":0,"href":"https:\/\/rosessailing.com\/fr\/wp-json\/wp\/v2\/pages\/2087\/revisions"}],"wp:attachment":[{"href":"https:\/\/rosessailing.com\/fr\/wp-json\/wp\/v2\/media?parent=2087"}],"curies":[{"name":"wp","href":"https:\/\/api.w.org\/{rel}","templated":true}]}}