{"id":2033,"date":"2024-07-08T20:25:38","date_gmt":"2024-07-08T20:25:38","guid":{"rendered":"https:\/\/rosessailing.com\/itineraires\/route-du-nord\/"},"modified":"2026-03-12T10:04:24","modified_gmt":"2026-03-12T10:04:24","slug":"route-du-nord","status":"publish","type":"page","link":"https:\/\/rosessailing.com\/fr\/itineraires\/route-du-nord\/","title":{"rendered":"Route du Nord"},"content":{"rendered":"\t\t<div data-elementor-type=\"wp-page\" data-elementor-id=\"2033\" class=\"elementor elementor-2033 elementor-481\" data-elementor-post-type=\"page\">\n\t\t\t\t<div class=\"elementor-element elementor-element-37f13e45 e-flex e-con-boxed e-con e-parent\" data-id=\"37f13e45\" data-element_type=\"container\" data-e-type=\"container\" data-settings=\"{&quot;background_background&quot;:&quot;classic&quot;}\">\n\t\t\t\t\t<div class=\"e-con-inner\">\n\t\t\t\t\t<\/div>\n\t\t\t\t<\/div>\n\t\t<div class=\"elementor-element elementor-element-d52cd8b e-flex e-con-boxed e-con e-parent\" data-id=\"d52cd8b\" data-element_type=\"container\" data-e-type=\"container\">\n\t\t\t\t\t<div class=\"e-con-inner\">\n\t\t<div class=\"elementor-element elementor-element-4a840d2 e-con-full e-flex e-con e-child\" data-id=\"4a840d2\" data-element_type=\"container\" data-e-type=\"container\">\n\t\t\t\t<div class=\"elementor-element elementor-element-18a8314 elementor-widget elementor-widget-heading\" data-id=\"18a8314\" data-element_type=\"widget\" data-e-type=\"widget\" data-widget_type=\"heading.default\">\n\t\t\t\t\t<h2 class=\"elementor-heading-title elementor-size-default\">Route du Nord - Cap de Creus<\/h2>\t\t\t\t<\/div>\n\t\t\t\t<div class=\"elementor-element elementor-element-aaf35da elementor-icon-list--layout-inline elementor-mobile-align-center elementor-list-item-link-full_width elementor-widget elementor-widget-icon-list\" data-id=\"aaf35da\" data-element_type=\"widget\" data-e-type=\"widget\" data-widget_type=\"icon-list.default\">\n\t\t\t\t\t\t\t<ul class=\"elementor-icon-list-items elementor-inline-items\">\n\t\t\t\t\t\t\t<li class=\"elementor-icon-list-item elementor-inline-item\">\n\t\t\t\t\t\t\t\t\t\t\t<span class=\"elementor-icon-list-icon\">\n\t\t\t\t\t\t\t<svg aria-hidden=\"true\" class=\"e-font-icon-svg e-fas-map-marker-alt\" viewBox=\"0 0 384 512\" xmlns=\"http:\/\/www.w3.org\/2000\/svg\"><path d=\"M172.268 501.67C26.97 291.031 0 269.413 0 192 0 85.961 85.961 0 192 0s192 85.961 192 192c0 77.413-26.97 99.031-172.268 309.67-9.535 13.774-29.93 13.773-39.464 0zM192 272c44.183 0 80-35.817 80-80s-35.817-80-80-80-80 35.817-80 80 35.817 80 80 80z\"><\/path><\/svg>\t\t\t\t\t\t<\/span>\n\t\t\t\t\t\t\t\t\t\t<span class=\"elementor-icon-list-text\">emplacement<\/span>\n\t\t\t\t\t\t\t\t\t<\/li>\n\t\t\t\t\t\t\t\t<li class=\"elementor-icon-list-item elementor-inline-item\">\n\t\t\t\t\t\t\t\t\t\t\t<span class=\"elementor-icon-list-icon\">\n\t\t\t\t\t\t\t<svg aria-hidden=\"true\" class=\"e-font-icon-svg e-far-clock\" viewBox=\"0 0 512 512\" xmlns=\"http:\/\/www.w3.org\/2000\/svg\"><path d=\"M256 8C119 8 8 119 8 256s111 248 248 248 248-111 248-248S393 8 256 8zm0 448c-110.5 0-200-89.5-200-200S145.5 56 256 56s200 89.5 200 200-89.5 200-200 200zm61.8-104.4l-84.9-61.7c-3.1-2.3-4.9-5.9-4.9-9.7V116c0-6.6 5.4-12 12-12h32c6.6 0 12 5.4 12 12v141.7l66.8 48.6c5.4 3.9 6.5 11.4 2.6 16.8L334.6 349c-3.9 5.3-11.4 6.5-16.8 2.6z\"><\/path><\/svg>\t\t\t\t\t\t<\/span>\n\t\t\t\t\t\t\t\t\t\t<span class=\"elementor-icon-list-text\">dur\u00e9e<\/span>\n\t\t\t\t\t\t\t\t\t<\/li>\n\t\t\t\t\t\t\t\t<li class=\"elementor-icon-list-item elementor-inline-item\">\n\t\t\t\t\t\t\t\t\t\t\t<span class=\"elementor-icon-list-icon\">\n\t\t\t\t\t\t\t<svg aria-hidden=\"true\" class=\"e-font-icon-svg e-far-calendar\" viewBox=\"0 0 448 512\" xmlns=\"http:\/\/www.w3.org\/2000\/svg\"><path d=\"M400 64h-48V12c0-6.6-5.4-12-12-12h-40c-6.6 0-12 5.4-12 12v52H160V12c0-6.6-5.4-12-12-12h-40c-6.6 0-12 5.4-12 12v52H48C21.5 64 0 85.5 0 112v352c0 26.5 21.5 48 48 48h352c26.5 0 48-21.5 48-48V112c0-26.5-21.5-48-48-48zm-6 400H54c-3.3 0-6-2.7-6-6V160h352v298c0 3.3-2.7 6-6 6z\"><\/path><\/svg>\t\t\t\t\t\t<\/span>\n\t\t\t\t\t\t\t\t\t\t<span class=\"elementor-icon-list-text\">dates<\/span>\n\t\t\t\t\t\t\t\t\t<\/li>\n\t\t\t\t\t\t<\/ul>\n\t\t\t\t\t\t<\/div>\n\t\t\t\t<div class=\"elementor-element elementor-element-64687cd elementor-widget elementor-widget-image\" data-id=\"64687cd\" data-element_type=\"widget\" data-e-type=\"widget\" data-widget_type=\"image.default\">\n\t\t\t\t\t\t\t\t\t\t\t\t\t\t\t<img fetchpriority=\"high\" decoding=\"async\" width=\"768\" height=\"1024\" src=\"https:\/\/rosessailing.com\/wp-content\/uploads\/2024\/10\/8f3fa159-b6a3-4b2c-81bb-4e8d6d383ff0.jpg\" class=\"attachment-large size-large wp-image-1600\" alt=\"Route du Cap de Creus Nord\" srcset=\"https:\/\/rosessailing.com\/wp-content\/uploads\/2024\/10\/8f3fa159-b6a3-4b2c-81bb-4e8d6d383ff0.jpg 768w, https:\/\/rosessailing.com\/wp-content\/uploads\/2024\/10\/8f3fa159-b6a3-4b2c-81bb-4e8d6d383ff0-225x300.jpg 225w\" sizes=\"(max-width: 768px) 100vw, 768px\" \/>\t\t\t\t\t\t\t\t\t\t\t\t\t\t\t<\/div>\n\t\t\t\t<div class=\"elementor-element elementor-element-f97906a elementor-widget elementor-widget-heading\" data-id=\"f97906a\" data-element_type=\"widget\" data-e-type=\"widget\" data-widget_type=\"heading.default\">\n\t\t\t\t\t<h2 class=\"elementor-heading-title elementor-size-default\">Empuriabrava - Cadaqu\u00e9s - Cap de Creus - Port de la Selva - Empuriabrava<\/h2>\t\t\t\t<\/div>\n\t\t\t\t<div class=\"elementor-element elementor-element-9e82c4c elementor-widget elementor-widget-text-editor\" data-id=\"9e82c4c\" data-element_type=\"widget\" data-e-type=\"widget\" data-widget_type=\"text-editor.default\">\n\t\t\t\t\t\t\t\t\t<p>Route Nord vers le Cap de Creus en passant par J\u00f3ncols et Cadaqu\u00e9s<\/p>\t\t\t\t\t\t\t\t<\/div>\n\t\t\t\t<div class=\"elementor-element elementor-element-4ca1b78 elementor-widget elementor-widget-heading\" data-id=\"4ca1b78\" data-element_type=\"widget\" data-e-type=\"widget\" data-widget_type=\"heading.default\">\n\t\t\t\t\t<h2 class=\"elementor-heading-title elementor-size-default\">Itin\u00e9raire<\/h2>\t\t\t\t<\/div>\n\t\t\t\t<div class=\"elementor-element elementor-element-56b3bbc elementor-widget elementor-widget-heading\" data-id=\"56b3bbc\" data-element_type=\"widget\" data-e-type=\"widget\" data-widget_type=\"heading.default\">\n\t\t\t\t\t<h2 class=\"elementor-heading-title elementor-size-default\">Jour 1  <\/h2>\t\t\t\t<\/div>\n\t\t\t\t<div class=\"elementor-element elementor-element-ea51ef2 elementor-icon-list--layout-traditional elementor-list-item-link-full_width elementor-widget elementor-widget-icon-list\" data-id=\"ea51ef2\" data-element_type=\"widget\" data-e-type=\"widget\" data-widget_type=\"icon-list.default\">\n\t\t\t\t\t\t\t<ul class=\"elementor-icon-list-items\">\n\t\t\t\t\t\t\t<li class=\"elementor-icon-list-item\">\n\t\t\t\t\t\t\t\t\t\t\t<span class=\"elementor-icon-list-icon\">\n\t\t\t\t\t\t\t<svg aria-hidden=\"true\" class=\"e-font-icon-svg e-fas-check\" viewBox=\"0 0 512 512\" xmlns=\"http:\/\/www.w3.org\/2000\/svg\"><path d=\"M173.898 439.404l-166.4-166.4c-9.997-9.997-9.997-26.206 0-36.204l36.203-36.204c9.997-9.998 26.207-9.998 36.204 0L192 312.69 432.095 72.596c9.997-9.997 26.207-9.997 36.204 0l36.203 36.204c9.997 9.997 9.997 26.206 0 36.204l-294.4 294.401c-9.998 9.997-26.207 9.997-36.204-.001z\"><\/path><\/svg>\t\t\t\t\t\t<\/span>\n\t\t\t\t\t\t\t\t\t\t<span class=\"elementor-icon-list-text\">Mouillage \u00e0 Cala J\u00f3ncols<\/span>\n\t\t\t\t\t\t\t\t\t<\/li>\n\t\t\t\t\t\t<\/ul>\n\t\t\t\t\t\t<\/div>\n\t\t\t\t<div class=\"elementor-element elementor-element-9391a15 elementor-widget elementor-widget-heading\" data-id=\"9391a15\" data-element_type=\"widget\" data-e-type=\"widget\" data-widget_type=\"heading.default\">\n\t\t\t\t\t<h2 class=\"elementor-heading-title elementor-size-default\">Jour 2<\/h2>\t\t\t\t<\/div>\n\t\t\t\t<div class=\"elementor-element elementor-element-3f413a9 elementor-icon-list--layout-traditional elementor-list-item-link-full_width elementor-widget elementor-widget-icon-list\" data-id=\"3f413a9\" data-element_type=\"widget\" data-e-type=\"widget\" data-widget_type=\"icon-list.default\">\n\t\t\t\t\t\t\t<ul class=\"elementor-icon-list-items\">\n\t\t\t\t\t\t\t<li class=\"elementor-icon-list-item\">\n\t\t\t\t\t\t\t\t\t\t\t<span class=\"elementor-icon-list-icon\">\n\t\t\t\t\t\t\t<svg aria-hidden=\"true\" class=\"e-font-icon-svg e-fas-check\" viewBox=\"0 0 512 512\" xmlns=\"http:\/\/www.w3.org\/2000\/svg\"><path d=\"M173.898 439.404l-166.4-166.4c-9.997-9.997-9.997-26.206 0-36.204l36.203-36.204c9.997-9.998 26.207-9.998 36.204 0L192 312.69 432.095 72.596c9.997-9.997 26.207-9.997 36.204 0l36.203 36.204c9.997 9.997 9.997 26.206 0 36.204l-294.4 294.401c-9.998 9.997-26.207 9.997-36.204-.001z\"><\/path><\/svg>\t\t\t\t\t\t<\/span>\n\t\t\t\t\t\t\t\t\t\t<span class=\"elementor-icon-list-text\">Mouillage \u00e0 Cala Culip<\/span>\n\t\t\t\t\t\t\t\t\t<\/li>\n\t\t\t\t\t\t<\/ul>\n\t\t\t\t\t\t<\/div>\n\t\t\t\t<div class=\"elementor-element elementor-element-17beaf2 elementor-widget elementor-widget-heading\" data-id=\"17beaf2\" data-element_type=\"widget\" data-e-type=\"widget\" data-widget_type=\"heading.default\">\n\t\t\t\t\t<h2 class=\"elementor-heading-title elementor-size-default\">Troisi\u00e8me jour<\/h2>\t\t\t\t<\/div>\n\t\t\t\t<div class=\"elementor-element elementor-element-8a435d2 elementor-icon-list--layout-traditional elementor-list-item-link-full_width elementor-widget elementor-widget-icon-list\" data-id=\"8a435d2\" data-element_type=\"widget\" data-e-type=\"widget\" data-widget_type=\"icon-list.default\">\n\t\t\t\t\t\t\t<ul class=\"elementor-icon-list-items\">\n\t\t\t\t\t\t\t<li class=\"elementor-icon-list-item\">\n\t\t\t\t\t\t\t\t\t\t\t<span class=\"elementor-icon-list-icon\">\n\t\t\t\t\t\t\t<svg aria-hidden=\"true\" class=\"e-font-icon-svg e-fas-check\" viewBox=\"0 0 512 512\" xmlns=\"http:\/\/www.w3.org\/2000\/svg\"><path d=\"M173.898 439.404l-166.4-166.4c-9.997-9.997-9.997-26.206 0-36.204l36.203-36.204c9.997-9.998 26.207-9.998 36.204 0L192 312.69 432.095 72.596c9.997-9.997 26.207-9.997 36.204 0l36.203 36.204c9.997 9.997 9.997 26.206 0 36.204l-294.4 294.401c-9.998 9.997-26.207 9.997-36.204-.001z\"><\/path><\/svg>\t\t\t\t\t\t<\/span>\n\t\t\t\t\t\t\t\t\t\t<span class=\"elementor-icon-list-text\">Arriv\u00e9e au Port de la Selva<\/span>\n\t\t\t\t\t\t\t\t\t<\/li>\n\t\t\t\t\t\t<\/ul>\n\t\t\t\t\t\t<\/div>\n\t\t\t\t<\/div>\n\t\t<div class=\"elementor-element elementor-element-0f7a8c3 e-con-full e-flex e-con e-child\" data-id=\"0f7a8c3\" data-element_type=\"container\" data-e-type=\"container\">\n\t\t\t\t<div class=\"elementor-element elementor-element-ef4c72c elementor-align-justify elementor-widget elementor-widget-button\" data-id=\"ef4c72c\" data-element_type=\"widget\" data-e-type=\"widget\" data-widget_type=\"button.default\">\n\t\t\t\t\t\t\t\t\t\t<a class=\"elementor-button elementor-button-link elementor-size-sm\" href=\"https:\/\/rosessailing.site\/contacto\" target=\"_blank\" rel=\"noopener noreferrer nofollow\">\n\t\t\t\t\t\t<span class=\"elementor-button-content-wrapper\">\n\t\t\t\t\t\t\t\t\t<span class=\"elementor-button-text\">Contactez nous <\/span>\n\t\t\t\t\t<\/span>\n\t\t\t\t\t<\/a>\n\t\t\t\t\t\t\t\t<\/div>\n\t\t<div class=\"elementor-element elementor-element-67d988c e-flex e-con-boxed e-con e-child\" data-id=\"67d988c\" data-element_type=\"container\" data-e-type=\"container\" data-settings=\"{&quot;background_background&quot;:&quot;classic&quot;}\">\n\t\t\t\t\t<div class=\"e-con-inner\">\n\t\t\t\t<div class=\"elementor-element elementor-element-0d901e7 elementor-widget elementor-widget-heading\" data-id=\"0d901e7\" data-element_type=\"widget\" data-e-type=\"widget\" data-widget_type=\"heading.default\">\n\t\t\t\t\t<h2 class=\"elementor-heading-title elementor-size-default\">Autres itin\u00e9raires<\/h2>\t\t\t\t<\/div>\n\t\t\t\t<div class=\"elementor-element elementor-element-0e4b81b elementor-icon-list--layout-traditional elementor-list-item-link-full_width elementor-widget elementor-widget-icon-list\" data-id=\"0e4b81b\" data-element_type=\"widget\" data-e-type=\"widget\" data-widget_type=\"icon-list.default\">\n\t\t\t\t\t\t\t<ul class=\"elementor-icon-list-items\">\n\t\t\t\t\t\t\t<li class=\"elementor-icon-list-item\">\n\t\t\t\t\t\t\t\t\t\t\t<span class=\"elementor-icon-list-icon\">\n\t\t\t\t\t\t\t<svg aria-hidden=\"true\" class=\"e-font-icon-svg e-fas-check\" viewBox=\"0 0 512 512\" xmlns=\"http:\/\/www.w3.org\/2000\/svg\"><path d=\"M173.898 439.404l-166.4-166.4c-9.997-9.997-9.997-26.206 0-36.204l36.203-36.204c9.997-9.998 26.207-9.998 36.204 0L192 312.69 432.095 72.596c9.997-9.997 26.207-9.997 36.204 0l36.203 36.204c9.997 9.997 9.997 26.206 0 36.204l-294.4 294.401c-9.998 9.997-26.207 9.997-36.204-.001z\"><\/path><\/svg>\t\t\t\t\t\t<\/span>\n\t\t\t\t\t\t\t\t\t\t<span class=\"elementor-icon-list-text\">Itin\u00e9raire 2 jours<\/span>\n\t\t\t\t\t\t\t\t\t<\/li>\n\t\t\t\t\t\t\t\t<li class=\"elementor-icon-list-item\">\n\t\t\t\t\t\t\t\t\t\t\t<span class=\"elementor-icon-list-icon\">\n\t\t\t\t\t\t\t<svg aria-hidden=\"true\" class=\"e-font-icon-svg e-fas-check\" viewBox=\"0 0 512 512\" xmlns=\"http:\/\/www.w3.org\/2000\/svg\"><path d=\"M173.898 439.404l-166.4-166.4c-9.997-9.997-9.997-26.206 0-36.204l36.203-36.204c9.997-9.998 26.207-9.998 36.204 0L192 312.69 432.095 72.596c9.997-9.997 26.207-9.997 36.204 0l36.203 36.204c9.997 9.997 9.997 26.206 0 36.204l-294.4 294.401c-9.998 9.997-26.207 9.997-36.204-.001z\"><\/path><\/svg>\t\t\t\t\t\t<\/span>\n\t\t\t\t\t\t\t\t\t\t<span class=\"elementor-icon-list-text\">Itin\u00e9raire 3 jours<\/span>\n\t\t\t\t\t\t\t\t\t<\/li>\n\t\t\t\t\t\t\t\t<li class=\"elementor-icon-list-item\">\n\t\t\t\t\t\t\t\t\t\t\t<a href=\"https:\/\/rosessailing.com\/fr\/itineraires\/route-du-sud\/\">\n\n\t\t\t\t\t\t\t\t\t\t\t\t<span class=\"elementor-icon-list-icon\">\n\t\t\t\t\t\t\t<svg aria-hidden=\"true\" class=\"e-font-icon-svg e-far-compass\" viewBox=\"0 0 496 512\" xmlns=\"http:\/\/www.w3.org\/2000\/svg\"><path d=\"M347.94 129.86L203.6 195.83a31.938 31.938 0 0 0-15.77 15.77l-65.97 144.34c-7.61 16.65 9.54 33.81 26.2 26.2l144.34-65.97a31.938 31.938 0 0 0 15.77-15.77l65.97-144.34c7.61-16.66-9.54-33.81-26.2-26.2zm-77.36 148.72c-12.47 12.47-32.69 12.47-45.16 0-12.47-12.47-12.47-32.69 0-45.16 12.47-12.47 32.69-12.47 45.16 0 12.47 12.47 12.47 32.69 0 45.16zM248 8C111.03 8 0 119.03 0 256s111.03 248 248 248 248-111.03 248-248S384.97 8 248 8zm0 448c-110.28 0-200-89.72-200-200S137.72 56 248 56s200 89.72 200 200-89.72 200-200 200z\"><\/path><\/svg>\t\t\t\t\t\t<\/span>\n\t\t\t\t\t\t\t\t\t\t<span class=\"elementor-icon-list-text\">Route du Sud<\/span>\n\t\t\t\t\t\t\t\t\t\t\t<\/a>\n\t\t\t\t\t\t\t\t\t<\/li>\n\t\t\t\t\t\t<\/ul>\n\t\t\t\t\t\t<\/div>\n\t\t\t\t\t<\/div>\n\t\t\t\t<\/div>\n\t\t\t\t<\/div>\n\t\t\t\t\t<\/div>\n\t\t\t\t<\/div>\n\t\t\t\t<\/div>\n\t\t","protected":false},"excerpt":{"rendered":"<p>Route du Nord &#8211; Cap de Creus emplacement dur\u00e9e dates Empuriabrava &#8211; Cadaqu\u00e9s &#8211; Cap de Creus &#8211; Port de la Selva &#8211; Empuriabrava Route Nord vers le Cap de Creus en passant par J\u00f3ncols et Cadaqu\u00e9s Itin\u00e9raire Jour 1 Mouillage \u00e0 Cala J\u00f3ncols Jour 2 Mouillage \u00e0 Cala Culip Troisi\u00e8me jour Arriv\u00e9e au Port [&hellip;]<\/p>\n","protected":false},"author":1,"featured_media":1597,"parent":2012,"menu_order":0,"comment_status":"closed","ping_status":"closed","template":"elementor_header_footer","meta":{"_joinchat":[],"footnotes":""},"class_list":["post-2033","page","type-page","status-publish","has-post-thumbnail","hentry"],"yoast_head":"<!-- This site is optimized with the Yoast SEO plugin v27.4 - https:\/\/yoast.com\/product\/yoast-seo-wordpress\/ -->\n<title>Route du Cap de Creus Nord - Roses Sailing% Roses Sailing% Roses Sailing.<\/title>\n<meta name=\"description\" content=\"Explorez notre route nord Cap de Creus et vivez une exp\u00e9rience inoubliable en haute mer, au milieu de paysages spectaculaires et d&#039;aventures.\" \/>\n<meta name=\"robots\" content=\"index, follow, max-snippet:-1, max-image-preview:large, max-video-preview:-1\" \/>\n<link rel=\"canonical\" href=\"https:\/\/rosessailing.com\/fr\/itineraires\/route-du-nord\/\" \/>\n<meta property=\"og:locale\" content=\"fr_FR\" \/>\n<meta property=\"og:type\" content=\"article\" \/>\n<meta property=\"og:title\" content=\"Route du Cap de Creus Nord - Roses Sailing% Roses Sailing% Roses Sailing.\" \/>\n<meta property=\"og:description\" content=\"Explorez notre route nord Cap de Creus et vivez une exp\u00e9rience inoubliable en haute mer, au milieu de paysages spectaculaires et d&#039;aventures.\" \/>\n<meta property=\"og:url\" content=\"https:\/\/rosessailing.com\/fr\/itineraires\/route-du-nord\/\" \/>\n<meta property=\"og:site_name\" content=\"Roses Sailing\" \/>\n<meta property=\"article:publisher\" content=\"https:\/\/www.facebook.com\/rosessailing\/\" \/>\n<meta property=\"article:modified_time\" content=\"2026-03-12T10:04:24+00:00\" \/>\n<meta property=\"og:image\" content=\"https:\/\/rosessailing.com\/wp-content\/uploads\/2023\/12\/Law-Firm-About.jpg\" \/>\n\t<meta property=\"og:image:width\" content=\"400\" \/>\n\t<meta property=\"og:image:height\" content=\"380\" \/>\n\t<meta property=\"og:image:type\" content=\"image\/jpeg\" \/>\n<meta name=\"twitter:card\" content=\"summary_large_image\" \/>\n<script type=\"application\/ld+json\" class=\"yoast-schema-graph\">{\"@context\":\"https:\\\/\\\/schema.org\",\"@graph\":[{\"@type\":\"WebPage\",\"@id\":\"https:\\\/\\\/rosessailing.com\\\/fr\\\/itineraires\\\/route-du-nord\\\/\",\"url\":\"https:\\\/\\\/rosessailing.com\\\/fr\\\/itineraires\\\/route-du-nord\\\/\",\"name\":\"Route du Cap de Creus Nord - Roses Sailing% Roses Sailing% Roses Sailing.\",\"isPartOf\":{\"@id\":\"https:\\\/\\\/rosessailing.com\\\/fr\\\/#website\"},\"primaryImageOfPage\":{\"@id\":\"https:\\\/\\\/rosessailing.com\\\/fr\\\/itineraires\\\/route-du-nord\\\/#primaryimage\"},\"image\":{\"@id\":\"https:\\\/\\\/rosessailing.com\\\/fr\\\/itineraires\\\/route-du-nord\\\/#primaryimage\"},\"thumbnailUrl\":\"https:\\\/\\\/rosessailing.com\\\/wp-content\\\/uploads\\\/2023\\\/12\\\/Law-Firm-About.jpg\",\"datePublished\":\"2024-07-08T20:25:38+00:00\",\"dateModified\":\"2026-03-12T10:04:24+00:00\",\"description\":\"Explorez notre route nord Cap de Creus et vivez une exp\u00e9rience inoubliable en haute mer, au milieu de paysages spectaculaires et d'aventures.\",\"breadcrumb\":{\"@id\":\"https:\\\/\\\/rosessailing.com\\\/fr\\\/itineraires\\\/route-du-nord\\\/#breadcrumb\"},\"inLanguage\":\"fr-FR\",\"potentialAction\":[{\"@type\":\"ReadAction\",\"target\":[\"https:\\\/\\\/rosessailing.com\\\/fr\\\/itineraires\\\/route-du-nord\\\/\"]}]},{\"@type\":\"ImageObject\",\"inLanguage\":\"fr-FR\",\"@id\":\"https:\\\/\\\/rosessailing.com\\\/fr\\\/itineraires\\\/route-du-nord\\\/#primaryimage\",\"url\":\"https:\\\/\\\/rosessailing.com\\\/wp-content\\\/uploads\\\/2023\\\/12\\\/Law-Firm-About.jpg\",\"contentUrl\":\"https:\\\/\\\/rosessailing.com\\\/wp-content\\\/uploads\\\/2023\\\/12\\\/Law-Firm-About.jpg\",\"width\":400,\"height\":380},{\"@type\":\"BreadcrumbList\",\"@id\":\"https:\\\/\\\/rosessailing.com\\\/fr\\\/itineraires\\\/route-du-nord\\\/#breadcrumb\",\"itemListElement\":[{\"@type\":\"ListItem\",\"position\":1,\"name\":\"Portada\",\"item\":\"https:\\\/\\\/rosessailing.com\\\/fr\\\/location-de-voiliers-costa-brava\\\/\"},{\"@type\":\"ListItem\",\"position\":2,\"name\":\"Itin\u00e9raires\",\"item\":\"https:\\\/\\\/rosessailing.com\\\/fr\\\/itineraires\\\/\"},{\"@type\":\"ListItem\",\"position\":3,\"name\":\"Route du Nord\"}]},{\"@type\":\"WebSite\",\"@id\":\"https:\\\/\\\/rosessailing.com\\\/fr\\\/#website\",\"url\":\"https:\\\/\\\/rosessailing.com\\\/fr\\\/\",\"name\":\"Roses Sailing\",\"description\":\"Veleros\",\"publisher\":{\"@id\":\"https:\\\/\\\/rosessailing.com\\\/fr\\\/#organization\"},\"potentialAction\":[{\"@type\":\"SearchAction\",\"target\":{\"@type\":\"EntryPoint\",\"urlTemplate\":\"https:\\\/\\\/rosessailing.com\\\/fr\\\/?s={search_term_string}\"},\"query-input\":{\"@type\":\"PropertyValueSpecification\",\"valueRequired\":true,\"valueName\":\"search_term_string\"}}],\"inLanguage\":\"fr-FR\"},{\"@type\":\"Organization\",\"@id\":\"https:\\\/\\\/rosessailing.com\\\/fr\\\/#organization\",\"name\":\"Roses Sailing SL\",\"url\":\"https:\\\/\\\/rosessailing.com\\\/fr\\\/\",\"logo\":{\"@type\":\"ImageObject\",\"inLanguage\":\"fr-FR\",\"@id\":\"https:\\\/\\\/rosessailing.com\\\/fr\\\/#\\\/schema\\\/logo\\\/image\\\/\",\"url\":\"https:\\\/\\\/rosessailing.com\\\/wp-content\\\/uploads\\\/2023\\\/12\\\/Logo-removebg-preview.png\",\"contentUrl\":\"https:\\\/\\\/rosessailing.com\\\/wp-content\\\/uploads\\\/2023\\\/12\\\/Logo-removebg-preview.png\",\"width\":594,\"height\":420,\"caption\":\"Roses Sailing SL\"},\"image\":{\"@id\":\"https:\\\/\\\/rosessailing.com\\\/fr\\\/#\\\/schema\\\/logo\\\/image\\\/\"},\"sameAs\":[\"https:\\\/\\\/www.facebook.com\\\/rosessailing\\\/\",\"https:\\\/\\\/www.instagram.com\\\/rosessailing\\\/\"]}]}<\/script>\n<!-- \/ Yoast SEO plugin. -->","yoast_head_json":{"title":"Route du Cap de Creus Nord - Roses Sailing% Roses Sailing% Roses Sailing.","description":"Explorez notre route nord Cap de Creus et vivez une exp\u00e9rience inoubliable en haute mer, au milieu de paysages spectaculaires et d'aventures.","robots":{"index":"index","follow":"follow","max-snippet":"max-snippet:-1","max-image-preview":"max-image-preview:large","max-video-preview":"max-video-preview:-1"},"canonical":"https:\/\/rosessailing.com\/fr\/itineraires\/route-du-nord\/","og_locale":"fr_FR","og_type":"article","og_title":"Route du Cap de Creus Nord - Roses Sailing% Roses Sailing% Roses Sailing.","og_description":"Explorez notre route nord Cap de Creus et vivez une exp\u00e9rience inoubliable en haute mer, au milieu de paysages spectaculaires et d'aventures.","og_url":"https:\/\/rosessailing.com\/fr\/itineraires\/route-du-nord\/","og_site_name":"Roses Sailing","article_publisher":"https:\/\/www.facebook.com\/rosessailing\/","article_modified_time":"2026-03-12T10:04:24+00:00","og_image":[{"width":400,"height":380,"url":"https:\/\/rosessailing.com\/wp-content\/uploads\/2023\/12\/Law-Firm-About.jpg","type":"image\/jpeg"}],"twitter_card":"summary_large_image","schema":{"@context":"https:\/\/schema.org","@graph":[{"@type":"WebPage","@id":"https:\/\/rosessailing.com\/fr\/itineraires\/route-du-nord\/","url":"https:\/\/rosessailing.com\/fr\/itineraires\/route-du-nord\/","name":"Route du Cap de Creus Nord - Roses Sailing% Roses Sailing% Roses Sailing.","isPartOf":{"@id":"https:\/\/rosessailing.com\/fr\/#website"},"primaryImageOfPage":{"@id":"https:\/\/rosessailing.com\/fr\/itineraires\/route-du-nord\/#primaryimage"},"image":{"@id":"https:\/\/rosessailing.com\/fr\/itineraires\/route-du-nord\/#primaryimage"},"thumbnailUrl":"https:\/\/rosessailing.com\/wp-content\/uploads\/2023\/12\/Law-Firm-About.jpg","datePublished":"2024-07-08T20:25:38+00:00","dateModified":"2026-03-12T10:04:24+00:00","description":"Explorez notre route nord Cap de Creus et vivez une exp\u00e9rience inoubliable en haute mer, au milieu de paysages spectaculaires et d'aventures.","breadcrumb":{"@id":"https:\/\/rosessailing.com\/fr\/itineraires\/route-du-nord\/#breadcrumb"},"inLanguage":"fr-FR","potentialAction":[{"@type":"ReadAction","target":["https:\/\/rosessailing.com\/fr\/itineraires\/route-du-nord\/"]}]},{"@type":"ImageObject","inLanguage":"fr-FR","@id":"https:\/\/rosessailing.com\/fr\/itineraires\/route-du-nord\/#primaryimage","url":"https:\/\/rosessailing.com\/wp-content\/uploads\/2023\/12\/Law-Firm-About.jpg","contentUrl":"https:\/\/rosessailing.com\/wp-content\/uploads\/2023\/12\/Law-Firm-About.jpg","width":400,"height":380},{"@type":"BreadcrumbList","@id":"https:\/\/rosessailing.com\/fr\/itineraires\/route-du-nord\/#breadcrumb","itemListElement":[{"@type":"ListItem","position":1,"name":"Portada","item":"https:\/\/rosessailing.com\/fr\/location-de-voiliers-costa-brava\/"},{"@type":"ListItem","position":2,"name":"Itin\u00e9raires","item":"https:\/\/rosessailing.com\/fr\/itineraires\/"},{"@type":"ListItem","position":3,"name":"Route du Nord"}]},{"@type":"WebSite","@id":"https:\/\/rosessailing.com\/fr\/#website","url":"https:\/\/rosessailing.com\/fr\/","name":"Roses Sailing","description":"Veleros","publisher":{"@id":"https:\/\/rosessailing.com\/fr\/#organization"},"potentialAction":[{"@type":"SearchAction","target":{"@type":"EntryPoint","urlTemplate":"https:\/\/rosessailing.com\/fr\/?s={search_term_string}"},"query-input":{"@type":"PropertyValueSpecification","valueRequired":true,"valueName":"search_term_string"}}],"inLanguage":"fr-FR"},{"@type":"Organization","@id":"https:\/\/rosessailing.com\/fr\/#organization","name":"Roses Sailing SL","url":"https:\/\/rosessailing.com\/fr\/","logo":{"@type":"ImageObject","inLanguage":"fr-FR","@id":"https:\/\/rosessailing.com\/fr\/#\/schema\/logo\/image\/","url":"https:\/\/rosessailing.com\/wp-content\/uploads\/2023\/12\/Logo-removebg-preview.png","contentUrl":"https:\/\/rosessailing.com\/wp-content\/uploads\/2023\/12\/Logo-removebg-preview.png","width":594,"height":420,"caption":"Roses Sailing SL"},"image":{"@id":"https:\/\/rosessailing.com\/fr\/#\/schema\/logo\/image\/"},"sameAs":["https:\/\/www.facebook.com\/rosessailing\/","https:\/\/www.instagram.com\/rosessailing\/"]}]}},"_links":{"self":[{"href":"https:\/\/rosessailing.com\/fr\/wp-json\/wp\/v2\/pages\/2033","targetHints":{"allow":["GET"]}}],"collection":[{"href":"https:\/\/rosessailing.com\/fr\/wp-json\/wp\/v2\/pages"}],"about":[{"href":"https:\/\/rosessailing.com\/fr\/wp-json\/wp\/v2\/types\/page"}],"author":[{"embeddable":true,"href":"https:\/\/rosessailing.com\/fr\/wp-json\/wp\/v2\/users\/1"}],"replies":[{"embeddable":true,"href":"https:\/\/rosessailing.com\/fr\/wp-json\/wp\/v2\/comments?post=2033"}],"version-history":[{"count":2,"href":"https:\/\/rosessailing.com\/fr\/wp-json\/wp\/v2\/pages\/2033\/revisions"}],"predecessor-version":[{"id":2098,"href":"https:\/\/rosessailing.com\/fr\/wp-json\/wp\/v2\/pages\/2033\/revisions\/2098"}],"up":[{"embeddable":true,"href":"https:\/\/rosessailing.com\/fr\/wp-json\/wp\/v2\/pages\/2012"}],"wp:featuredmedia":[{"embeddable":true,"href":"https:\/\/rosessailing.com\/fr\/wp-json\/wp\/v2\/media\/1597"}],"wp:attachment":[{"href":"https:\/\/rosessailing.com\/fr\/wp-json\/wp\/v2\/media?parent=2033"}],"curies":[{"name":"wp","href":"https:\/\/api.w.org\/{rel}","templated":true}]}}